{"id":15375,"date":"2026-05-13T14:51:43","date_gmt":"2026-05-13T14:51:43","guid":{"rendered":"https:\/\/lmn-golfing.com\/?post_type=product&#038;p=15375"},"modified":"2026-05-13T15:03:47","modified_gmt":"2026-05-13T15:03:47","slug":"driver-ping-g430-sft-stiff-10-5","status":"publish","type":"product","link":"https:\/\/lmn-golfing.com\/en\/product\/driver-ping-g430-sft-stiff-10-5\/","title":{"rendered":"Driver Ping G430 SFT Stiff #10.5"},"content":{"rendered":"<p>[et_pb_section fb_built=\u00a0\u00bb1&Prime; _builder_version=\u00a0\u00bb4.18.0&Prime; _module_preset=\u00a0\u00bbdefault\u00a0\u00bb custom_margin=\u00a0\u00bb0px||0px||false|false\u00a0\u00bb custom_padding=\u00a0\u00bb0px||0px||false|false\u00a0\u00bb locked=\u00a0\u00bboff\u00a0\u00bb global_colors_info=\u00a0\u00bb{}\u00a0\u00bb][et_pb_row _builder_version=\u00a0\u00bb4.18.0&Prime; _module_preset=\u00a0\u00bbdefault\u00a0\u00bb custom_margin=\u00a0\u00bb0px||0px||true|false\u00a0\u00bb custom_padding=\u00a0\u00bb0px||0px||true|false\u00a0\u00bb global_colors_info=\u00a0\u00bb{}\u00a0\u00bb][et_pb_column type=\u00a0\u00bb4_4&Prime; _builder_version=\u00a0\u00bb4.18.0&Prime; _module_preset=\u00a0\u00bbdefault\u00a0\u00bb global_colors_info=\u00a0\u00bb{}\u00a0\u00bb][et_pb_image src=\u00a0\u00bbhttps:\/\/lmn-golfing.com\/wp-content\/uploads\/2022\/03\/logo-ping-golg.png\u00a0\u00bb title_text=\u00a0\u00bblogo ping golg\u00a0\u00bb admin_label=\u00a0\u00bbImage marque \u00e0 changer\u00a0\u00bb _builder_version=\u00a0\u00bb4.18.0&Prime; _module_preset=\u00a0\u00bbdefault\u00a0\u00bb global_colors_info=\u00a0\u00bb{}\u00a0\u00bb][\/et_pb_image][\/et_pb_column][\/et_pb_row][\/et_pb_section]<\/p>\n","protected":false},"excerpt":{"rendered":"","protected":false},"featured_media":15376,"template":"","meta":{"_acf_changed":false,"_et_pb_use_builder":"on","_et_pb_old_content":"Driver Ping G430 SFT\r\n\r\nLoft : 10.5 r\u00e9glable\r\n\r\nShaft : Graphite Aldila Rogue 130 MSI 70 Stiff\r\n\r\nGrip : Golf Pride tour Velvet 360\r\n\r\nAvec un Cover Ping\r\n\r\nClub dans un tr\u00e8s bel \u00e9tat qui a servi uniquement en d\u00e9monstration \u00e0 l'int\u00e9rieur.","_et_gb_content_width":""},"product_brand":[258],"product_cat":[90,43,49,23,51,79,67,65,76,31,58,86,75,83],"product_tag":[],"class_list":{"0":"post-15375","1":"product","2":"type-product","3":"status-publish","4":"has-post-thumbnail","6":"product_brand-ping","7":"product_cat-prix-350","8":"product_cat-clubs","9":"product_cat-dexterite","10":"product_cat-clubs-drivers","11":"product_cat-dexterite-droitier","12":"product_cat-flex","13":"product_cat-grade-9","14":"product_cat-grade","15":"product_cat-shaft-graphite","16":"product_cat-marque","17":"product_cat-marque-ping","18":"product_cat-prix","19":"product_cat-shaft","20":"product_cat-flex-stiff","21":"pa_att-clubs-att-clubs-driver","22":"pa_att-dexterite-att-droitier","23":"pa_etat-de-la-tete-at-grade-9","24":"pa_marque-at-ping","25":"pa_rigidite-att-stiff","26":"pa_shaft-at-graphite","28":"first","29":"instock","30":"taxable","31":"shipping-taxable","32":"purchasable","33":"product-type-simple"},"acf":[],"_links":{"self":[{"href":"https:\/\/lmn-golfing.com\/en\/wp-json\/wp\/v2\/product\/15375","targetHints":{"allow":["GET"]}}],"collection":[{"href":"https:\/\/lmn-golfing.com\/en\/wp-json\/wp\/v2\/product"}],"about":[{"href":"https:\/\/lmn-golfing.com\/en\/wp-json\/wp\/v2\/types\/product"}],"wp:featuredmedia":[{"embeddable":true,"href":"https:\/\/lmn-golfing.com\/en\/wp-json\/wp\/v2\/media\/15376"}],"wp:attachment":[{"href":"https:\/\/lmn-golfing.com\/en\/wp-json\/wp\/v2\/media?parent=15375"}],"wp:term":[{"taxonomy":"product_brand","embeddable":true,"href":"https:\/\/lmn-golfing.com\/en\/wp-json\/wp\/v2\/product_brand?post=15375"},{"taxonomy":"product_cat","embeddable":true,"href":"https:\/\/lmn-golfing.com\/en\/wp-json\/wp\/v2\/product_cat?post=15375"},{"taxonomy":"product_tag","embeddable":true,"href":"https:\/\/lmn-golfing.com\/en\/wp-json\/wp\/v2\/product_tag?post=15375"}],"curies":[{"name":"wp","href":"https:\/\/api.w.org\/{rel}","templated":true}]}}