{"id":15369,"date":"2026-05-13T14:38:31","date_gmt":"2026-05-13T14:38:31","guid":{"rendered":"https:\/\/lmn-golfing.com\/?post_type=product&#038;p=15369"},"modified":"2026-05-13T14:47:29","modified_gmt":"2026-05-13T14:47:29","slug":"driver-gaucher-cobra-darkspeed-x-regular","status":"publish","type":"product","link":"https:\/\/lmn-golfing.com\/en\/product\/driver-gaucher-cobra-darkspeed-x-regular\/","title":{"rendered":"Driver Gaucher Cobra DARKSPEED X Regular"},"content":{"rendered":"<p>[et_pb_section fb_built=\u00a0\u00bb1&Prime; _builder_version=\u00a0\u00bb4.18.0&Prime; _module_preset=\u00a0\u00bbdefault\u00a0\u00bb custom_margin=\u00a0\u00bb0px||0px||false|false\u00a0\u00bb custom_padding=\u00a0\u00bb0px||0px||false|false\u00a0\u00bb locked=\u00a0\u00bboff\u00a0\u00bb global_colors_info=\u00a0\u00bb{}\u00a0\u00bb][et_pb_row _builder_version=\u00a0\u00bb4.18.0&Prime; _module_preset=\u00a0\u00bbdefault\u00a0\u00bb custom_margin=\u00a0\u00bb0px||0px||true|false\u00a0\u00bb custom_padding=\u00a0\u00bb0px||0px||true|false\u00a0\u00bb global_colors_info=\u00a0\u00bb{}\u00a0\u00bb][et_pb_column type=\u00a0\u00bb4_4&Prime; _builder_version=\u00a0\u00bb4.18.0&Prime; _module_preset=\u00a0\u00bbdefault\u00a0\u00bb global_colors_info=\u00a0\u00bb{}\u00a0\u00bb][et_pb_image src=\u00a0\u00bbhttps:\/\/lmn-golfing.com\/wp-content\/uploads\/2022\/03\/logo-cobra.png\u00a0\u00bb title_text=\u00a0\u00bblogo cobra\u00a0\u00bb admin_label=\u00a0\u00bbImage marque \u00e0 changer\u00a0\u00bb _builder_version=\u00a0\u00bb4.19.1&Prime; _module_preset=\u00a0\u00bbdefault\u00a0\u00bb global_colors_info=\u00a0\u00bb{}\u00a0\u00bb][\/et_pb_image][\/et_pb_column][\/et_pb_row][\/et_pb_section]<\/p>\n","protected":false},"excerpt":{"rendered":"","protected":false},"featured_media":15370,"template":"","meta":{"_acf_changed":false,"_et_pb_use_builder":"on","_et_pb_old_content":"Driver Cobra DARKSPEED X\r\n\r\nLoft : 10.5 r\u00e9glable entre 9.0 et 12.0\r\n\r\nShaft : Graphite UST Mamiya Linq 6F3 Regular\r\n\r\nGrip : Lamkin\r\n\r\nAvec Cover Cobra\r\n\r\nLa t\u00eate est neuve et a juste tap\u00e9 une fois des balles en int\u00e9rieur.","_et_gb_content_width":""},"product_brand":[271],"product_cat":[89,43,54,49,23,79,151,50,67,65,76,31,86,82,75],"product_tag":[],"class_list":{"0":"post-15369","1":"product","2":"type-product","3":"status-publish","4":"has-post-thumbnail","6":"product_brand-cobra","7":"product_cat-prix-200-350","8":"product_cat-clubs","9":"product_cat-marque-cobra","10":"product_cat-dexterite","11":"product_cat-clubs-drivers","12":"product_cat-flex","13":"product_cat-clubs-gaucher","14":"product_cat-dexterite-gaucher","15":"product_cat-grade-9","16":"product_cat-grade","17":"product_cat-shaft-graphite","18":"product_cat-marque","19":"product_cat-prix","20":"product_cat-flex-regular","21":"product_cat-shaft","22":"pa_att-clubs-att-clubs-driver","23":"pa_att-dexterite-att-gaucher","24":"pa_etat-de-la-tete-at-grade-9","25":"pa_marque-at-cobra","26":"pa_rigidite-att-regular","27":"pa_shaft-at-graphite","29":"first","30":"instock","31":"taxable","32":"shipping-taxable","33":"purchasable","34":"product-type-simple"},"acf":[],"_links":{"self":[{"href":"https:\/\/lmn-golfing.com\/en\/wp-json\/wp\/v2\/product\/15369","targetHints":{"allow":["GET"]}}],"collection":[{"href":"https:\/\/lmn-golfing.com\/en\/wp-json\/wp\/v2\/product"}],"about":[{"href":"https:\/\/lmn-golfing.com\/en\/wp-json\/wp\/v2\/types\/product"}],"wp:featuredmedia":[{"embeddable":true,"href":"https:\/\/lmn-golfing.com\/en\/wp-json\/wp\/v2\/media\/15370"}],"wp:attachment":[{"href":"https:\/\/lmn-golfing.com\/en\/wp-json\/wp\/v2\/media?parent=15369"}],"wp:term":[{"taxonomy":"product_brand","embeddable":true,"href":"https:\/\/lmn-golfing.com\/en\/wp-json\/wp\/v2\/product_brand?post=15369"},{"taxonomy":"product_cat","embeddable":true,"href":"https:\/\/lmn-golfing.com\/en\/wp-json\/wp\/v2\/product_cat?post=15369"},{"taxonomy":"product_tag","embeddable":true,"href":"https:\/\/lmn-golfing.com\/en\/wp-json\/wp\/v2\/product_tag?post=15369"}],"curies":[{"name":"wp","href":"https:\/\/api.w.org\/{rel}","templated":true}]}}