{"id":14992,"date":"2025-12-12T07:12:59","date_gmt":"2025-12-12T07:12:59","guid":{"rendered":"https:\/\/lmn-golfing.com\/?post_type=product&#038;p=14992"},"modified":"2025-12-12T07:22:27","modified_gmt":"2025-12-12T07:22:27","slug":"hybride-6-ping-g-le3-femme","status":"publish","type":"product","link":"https:\/\/lmn-golfing.com\/en\/product\/hybride-6-ping-g-le3-femme\/","title":{"rendered":"Hybride 6 Ping G LE3 Femme"},"content":{"rendered":"<p>[et_pb_section fb_built=\u00a0\u00bb1&Prime; _builder_version=\u00a0\u00bb4.18.0&Prime; _module_preset=\u00a0\u00bbdefault\u00a0\u00bb custom_margin=\u00a0\u00bb0px||0px||false|false\u00a0\u00bb custom_padding=\u00a0\u00bb0px||0px||false|false\u00a0\u00bb locked=\u00a0\u00bboff\u00a0\u00bb global_colors_info=\u00a0\u00bb{}\u00a0\u00bb][et_pb_row _builder_version=\u00a0\u00bb4.18.0&Prime; _module_preset=\u00a0\u00bbdefault\u00a0\u00bb custom_margin=\u00a0\u00bb0px||0px||true|false\u00a0\u00bb custom_padding=\u00a0\u00bb0px||0px||true|false\u00a0\u00bb global_colors_info=\u00a0\u00bb{}\u00a0\u00bb][et_pb_column type=\u00a0\u00bb4_4&Prime; _builder_version=\u00a0\u00bb4.18.0&Prime; _module_preset=\u00a0\u00bbdefault\u00a0\u00bb global_colors_info=\u00a0\u00bb{}\u00a0\u00bb][et_pb_image src=\u00a0\u00bbhttps:\/\/lmn-golfing.com\/wp-content\/uploads\/2022\/03\/logo-ping-golg.png\u00a0\u00bb alt=\u00a0\u00bbbettinardi golf d&rsquo;occasion\u00a0\u00bb title_text=\u00a0\u00bblogo ping golg\u00a0\u00bb admin_label=\u00a0\u00bbImage marque \u00e0 changer\u00a0\u00bb _builder_version=\u00a0\u00bb4.18.0&Prime; _module_preset=\u00a0\u00bbdefault\u00a0\u00bb global_colors_info=\u00a0\u00bb{}\u00a0\u00bb][\/et_pb_image][\/et_pb_column][\/et_pb_row][\/et_pb_section]<\/p>\n","protected":false},"excerpt":{"rendered":"","protected":false},"featured_media":14993,"template":"","meta":{"_acf_changed":false,"_et_pb_use_builder":"on","_et_pb_old_content":"Hybride 6 Ping G LE3\r\n\r\nLoft : 30\r\n\r\nShaft : Graphite ULT 250 Lite\r\n\r\nGrip : Lamkin ST Soft\r\n\r\nAvec cover\r\n\r\nClub neuf qui a \u00e9t\u00e9 essay\u00e9 une fois en indoor.","_et_gb_content_width":""},"product_brand":[258],"product_cat":[184,89,43,49,51,85,79,67,65,76,180,45,31,58,86,75],"product_tag":[],"class_list":{"0":"post-14992","1":"product","2":"type-product","3":"status-publish","4":"has-post-thumbnail","6":"product_brand-ping","7":"product_cat-184","8":"product_cat-prix-200-350","9":"product_cat-clubs","10":"product_cat-dexterite","11":"product_cat-dexterite-droitier","12":"product_cat-flex-femme","13":"product_cat-flex","14":"product_cat-grade-9","15":"product_cat-grade","16":"product_cat-shaft-graphite","17":"product_cat-hybride-numero","18":"product_cat-clubs-hybrides","19":"product_cat-marque","20":"product_cat-marque-ping","21":"product_cat-prix","22":"product_cat-shaft","23":"pa_att-clubs-att-clubs-hybrides","24":"pa_att-dexterite-att-droitier","25":"pa_etat-de-la-tete-at-grade-9","26":"pa_marque-at-ping","27":"pa_rigidite-att-femme","28":"pa_shaft-at-graphite","30":"first","31":"instock","32":"taxable","33":"shipping-taxable","34":"purchasable","35":"product-type-simple"},"acf":[],"_links":{"self":[{"href":"https:\/\/lmn-golfing.com\/en\/wp-json\/wp\/v2\/product\/14992","targetHints":{"allow":["GET"]}}],"collection":[{"href":"https:\/\/lmn-golfing.com\/en\/wp-json\/wp\/v2\/product"}],"about":[{"href":"https:\/\/lmn-golfing.com\/en\/wp-json\/wp\/v2\/types\/product"}],"wp:featuredmedia":[{"embeddable":true,"href":"https:\/\/lmn-golfing.com\/en\/wp-json\/wp\/v2\/media\/14993"}],"wp:attachment":[{"href":"https:\/\/lmn-golfing.com\/en\/wp-json\/wp\/v2\/media?parent=14992"}],"wp:term":[{"taxonomy":"product_brand","embeddable":true,"href":"https:\/\/lmn-golfing.com\/en\/wp-json\/wp\/v2\/product_brand?post=14992"},{"taxonomy":"product_cat","embeddable":true,"href":"https:\/\/lmn-golfing.com\/en\/wp-json\/wp\/v2\/product_cat?post=14992"},{"taxonomy":"product_tag","embeddable":true,"href":"https:\/\/lmn-golfing.com\/en\/wp-json\/wp\/v2\/product_tag?post=14992"}],"curies":[{"name":"wp","href":"https:\/\/api.w.org\/{rel}","templated":true}]}}