{"id":14889,"date":"2025-12-06T18:25:21","date_gmt":"2025-12-06T18:25:21","guid":{"rendered":"https:\/\/lmn-golfing.com\/?post_type=product&#038;p=14889"},"modified":"2025-12-08T07:22:49","modified_gmt":"2025-12-08T07:22:49","slug":"serie-de-fers-takomo-iron-201-regular-kbs","status":"publish","type":"product","link":"https:\/\/lmn-golfing.com\/en\/product\/serie-de-fers-takomo-iron-201-regular-kbs\/","title":{"rendered":"Serie de Fers Takomo Iron 201 Regular KBS"},"content":{"rendered":"<p>[et_pb_section fb_built=\u00a0\u00bb1&Prime; _builder_version=\u00a0\u00bb4.18.0&Prime; _module_preset=\u00a0\u00bbdefault\u00a0\u00bb custom_margin=\u00a0\u00bb0px||0px||false|false\u00a0\u00bb custom_padding=\u00a0\u00bb0px||0px||false|false\u00a0\u00bb locked=\u00a0\u00bboff\u00a0\u00bb global_colors_info=\u00a0\u00bb{}\u00a0\u00bb][et_pb_row _builder_version=\u00a0\u00bb4.18.0&Prime; _module_preset=\u00a0\u00bbdefault\u00a0\u00bb custom_margin=\u00a0\u00bb0px||0px||true|false\u00a0\u00bb custom_padding=\u00a0\u00bb0px||0px||true|false\u00a0\u00bb global_colors_info=\u00a0\u00bb{}\u00a0\u00bb][et_pb_column type=\u00a0\u00bb4_4&Prime; _builder_version=\u00a0\u00bb4.18.0&Prime; _module_preset=\u00a0\u00bbdefault\u00a0\u00bb global_colors_info=\u00a0\u00bb{}\u00a0\u00bb][et_pb_image src=\u00a0\u00bbhttps:\/\/lmn-golfing.com\/wp-content\/uploads\/2025\/12\/takomo_golf_logo.webp\u00a0\u00bb alt=\u00a0\u00bbClubs de golf Takomo disponibles chez LMN Golfing France\u00a0\u00bb title_text=\u00a0\u00bbtakomo_golf_logo\u00a0\u00bb admin_label=\u00a0\u00bbImage marque \u00e0 changer\u00a0\u00bb _builder_version=\u00a0\u00bb4.27.4&Prime; _module_preset=\u00a0\u00bbdefault\u00a0\u00bb global_colors_info=\u00a0\u00bb{}\u00a0\u00bb][\/et_pb_image][\/et_pb_column][\/et_pb_row][\/et_pb_section]<\/p>\n","protected":false},"excerpt":{"rendered":"","protected":false},"featured_media":14911,"template":"","meta":{"_acf_changed":false,"_et_pb_use_builder":"on","_et_pb_old_content":"S\u00e9rie de Fers Fers Takomo Iron 201\r\n\r\n4-Pw (7 clubs)\r\n\r\nShafts : Acier KBS C-Taper Regular\r\n\r\nCes shafts sont en option.\r\n\r\nGrips : Iomic (Lamkin Crossline sur le fer 4)\r\n\r\nT\u00eates forged dans un excellent \u00e9tat, le contact est tr\u00e8s agr\u00e9able, possibilit\u00e9 de venir les tester.","_et_gb_content_width":""},"product_brand":[255],"product_cat":[90,77,52,43,49,51,79,67,65,31,86,82,48,75,252],"product_tag":[],"class_list":{"0":"post-14889","1":"product","2":"type-product","3":"status-publish","4":"has-post-thumbnail","6":"product_brand-takomo","7":"product_cat-prix-350","8":"product_cat-shaft-acier","9":"product_cat-marque-callaway","10":"product_cat-clubs","11":"product_cat-dexterite","12":"product_cat-dexterite-droitier","13":"product_cat-flex","14":"product_cat-grade-9","15":"product_cat-grade","16":"product_cat-marque","17":"product_cat-prix","18":"product_cat-flex-regular","19":"product_cat-clubs-series-de-fers","20":"product_cat-shaft","21":"product_cat-takomo","22":"pa_att-clubs-att-clubs-serie-de-fers","23":"pa_att-dexterite-att-droitier","24":"pa_etat-de-la-tete-at-grade-9","25":"pa_marque-takomo","26":"pa_rigidite-att-regular","27":"pa_shaft-at-acier","29":"first","30":"instock","31":"taxable","32":"shipping-taxable","33":"purchasable","34":"product-type-simple"},"acf":[],"_links":{"self":[{"href":"https:\/\/lmn-golfing.com\/en\/wp-json\/wp\/v2\/product\/14889","targetHints":{"allow":["GET"]}}],"collection":[{"href":"https:\/\/lmn-golfing.com\/en\/wp-json\/wp\/v2\/product"}],"about":[{"href":"https:\/\/lmn-golfing.com\/en\/wp-json\/wp\/v2\/types\/product"}],"wp:featuredmedia":[{"embeddable":true,"href":"https:\/\/lmn-golfing.com\/en\/wp-json\/wp\/v2\/media\/14911"}],"wp:attachment":[{"href":"https:\/\/lmn-golfing.com\/en\/wp-json\/wp\/v2\/media?parent=14889"}],"wp:term":[{"taxonomy":"product_brand","embeddable":true,"href":"https:\/\/lmn-golfing.com\/en\/wp-json\/wp\/v2\/product_brand?post=14889"},{"taxonomy":"product_cat","embeddable":true,"href":"https:\/\/lmn-golfing.com\/en\/wp-json\/wp\/v2\/product_cat?post=14889"},{"taxonomy":"product_tag","embeddable":true,"href":"https:\/\/lmn-golfing.com\/en\/wp-json\/wp\/v2\/product_tag?post=14889"}],"curies":[{"name":"wp","href":"https:\/\/api.w.org\/{rel}","templated":true}]}}