{"id":12465,"date":"2024-09-24T19:30:38","date_gmt":"2024-09-24T19:30:38","guid":{"rendered":"https:\/\/lmn-golfing.com\/?post_type=product&#038;p=12465"},"modified":"2024-09-24T19:49:05","modified_gmt":"2024-09-24T19:49:05","slug":"putter-scotty-cameron-my-girl-2013","status":"publish","type":"product","link":"https:\/\/lmn-golfing.com\/en\/product\/putter-scotty-cameron-my-girl-2013\/","title":{"rendered":"Putter Scotty Cameron My Girl 2013"},"content":{"rendered":"<p>[et_pb_section fb_built=\u00a0\u00bb1&Prime; _builder_version=\u00a0\u00bb4.18.0&Prime; _module_preset=\u00a0\u00bbdefault\u00a0\u00bb custom_margin=\u00a0\u00bb0px||0px||false|false\u00a0\u00bb custom_padding=\u00a0\u00bb0px||0px||false|false\u00a0\u00bb locked=\u00a0\u00bboff\u00a0\u00bb global_colors_info=\u00a0\u00bb{}\u00a0\u00bb][et_pb_row _builder_version=\u00a0\u00bb4.18.0&Prime; _module_preset=\u00a0\u00bbdefault\u00a0\u00bb custom_margin=\u00a0\u00bb0px||0px||true|false\u00a0\u00bb custom_padding=\u00a0\u00bb0px||0px||true|false\u00a0\u00bb global_colors_info=\u00a0\u00bb{}\u00a0\u00bb][et_pb_column type=\u00a0\u00bb4_4&Prime; _builder_version=\u00a0\u00bb4.18.0&Prime; _module_preset=\u00a0\u00bbdefault\u00a0\u00bb global_colors_info=\u00a0\u00bb{}\u00a0\u00bb][et_pb_image src=\u00a0\u00bbhttps:\/\/lmn-golfing.com\/wp-content\/uploads\/2022\/03\/logo-scotty-cameron.png\u00a0\u00bb alt=\u00a0\u00bbbettinardi golf d&rsquo;occasion\u00a0\u00bb title_text=\u00a0\u00bblogo scotty cameron\u00a0\u00bb admin_label=\u00a0\u00bbImage marque \u00e0 changer\u00a0\u00bb _builder_version=\u00a0\u00bb4.18.0&Prime; _module_preset=\u00a0\u00bbdefault\u00a0\u00bb global_colors_info=\u00a0\u00bb{}\u00a0\u00bb][\/et_pb_image][\/et_pb_column][\/et_pb_row][\/et_pb_section]<\/p>\n","protected":false},"excerpt":{"rendered":"","protected":false},"featured_media":12466,"template":"","meta":{"_acf_changed":false,"_et_pb_use_builder":"on","_et_pb_old_content":"Putter Titleist Scotty Cameron My Girl 2013\r\n\r\n33 inch\r\n\r\nGrip : Scotty Cameron Pistolero\r\n\r\nAvec son cover\r\n\r\nLe putter est en \u00e9dition limit\u00e9e \u00e0 1000 exemplaires dans le monde.","_et_gb_content_width":""},"product_brand":[],"product_cat":[165,90,43,49,51,69,65,162,31,86,20,145,61],"product_tag":[],"class_list":{"0":"post-12465","1":"product","2":"type-product","3":"status-publish","4":"has-post-thumbnail","6":"product_cat-33-inch","7":"product_cat-prix-350","8":"product_cat-clubs","9":"product_cat-dexterite","10":"product_cat-dexterite-droitier","11":"product_cat-grade-7","12":"product_cat-grade","13":"product_cat-longueur","14":"product_cat-marque","15":"product_cat-prix","16":"product_cat-clubs-putters","17":"product_cat-scotty-cameron","18":"product_cat-marque-titleist","19":"pa_att-clubs-att-clubs-putters","20":"pa_att-dexterite-att-droitier","21":"pa_etat-de-la-tete-at-grade-7","22":"pa_marque-at-scotty-cameron","23":"pa_marque-at-titleist","25":"first","26":"instock","27":"taxable","28":"shipping-taxable","29":"purchasable","30":"product-type-simple"},"acf":[],"_links":{"self":[{"href":"https:\/\/lmn-golfing.com\/en\/wp-json\/wp\/v2\/product\/12465","targetHints":{"allow":["GET"]}}],"collection":[{"href":"https:\/\/lmn-golfing.com\/en\/wp-json\/wp\/v2\/product"}],"about":[{"href":"https:\/\/lmn-golfing.com\/en\/wp-json\/wp\/v2\/types\/product"}],"wp:featuredmedia":[{"embeddable":true,"href":"https:\/\/lmn-golfing.com\/en\/wp-json\/wp\/v2\/media\/12466"}],"wp:attachment":[{"href":"https:\/\/lmn-golfing.com\/en\/wp-json\/wp\/v2\/media?parent=12465"}],"wp:term":[{"taxonomy":"product_brand","embeddable":true,"href":"https:\/\/lmn-golfing.com\/en\/wp-json\/wp\/v2\/product_brand?post=12465"},{"taxonomy":"product_cat","embeddable":true,"href":"https:\/\/lmn-golfing.com\/en\/wp-json\/wp\/v2\/product_cat?post=12465"},{"taxonomy":"product_tag","embeddable":true,"href":"https:\/\/lmn-golfing.com\/en\/wp-json\/wp\/v2\/product_tag?post=12465"}],"curies":[{"name":"wp","href":"https:\/\/api.w.org\/{rel}","templated":true}]}}