{"id":10519,"date":"2024-04-20T21:27:38","date_gmt":"2024-04-20T21:27:38","guid":{"rendered":"https:\/\/lmn-golfing.com\/?post_type=product&#038;p=10519"},"modified":"2024-04-21T11:22:32","modified_gmt":"2024-04-21T11:22:32","slug":"driver-cobra-ltdx-9-tensei-x-stiff","status":"publish","type":"product","link":"https:\/\/lmn-golfing.com\/en\/product\/driver-cobra-ltdx-9-tensei-x-stiff\/","title":{"rendered":"Driver Cobra LTDx 9 Tensei X-Stiff"},"content":{"rendered":"<p>[et_pb_section fb_built=\u00a0\u00bb1&Prime; _builder_version=\u00a0\u00bb4.18.0&Prime; _module_preset=\u00a0\u00bbdefault\u00a0\u00bb custom_margin=\u00a0\u00bb0px||0px||false|false\u00a0\u00bb custom_padding=\u00a0\u00bb0px||0px||false|false\u00a0\u00bb locked=\u00a0\u00bboff\u00a0\u00bb global_colors_info=\u00a0\u00bb{}\u00a0\u00bb][et_pb_row _builder_version=\u00a0\u00bb4.18.0&Prime; _module_preset=\u00a0\u00bbdefault\u00a0\u00bb custom_margin=\u00a0\u00bb0px||0px||true|false\u00a0\u00bb custom_padding=\u00a0\u00bb0px||0px||true|false\u00a0\u00bb global_colors_info=\u00a0\u00bb{}\u00a0\u00bb][et_pb_column type=\u00a0\u00bb4_4&Prime; _builder_version=\u00a0\u00bb4.18.0&Prime; _module_preset=\u00a0\u00bbdefault\u00a0\u00bb global_colors_info=\u00a0\u00bb{}\u00a0\u00bb][et_pb_image src=\u00a0\u00bbhttps:\/\/lmn-golfing.com\/wp-content\/uploads\/2022\/03\/logo-cobra.png\u00a0\u00bb title_text=\u00a0\u00bblogo cobra\u00a0\u00bb admin_label=\u00a0\u00bbImage marque \u00e0 changer\u00a0\u00bb _builder_version=\u00a0\u00bb4.18.0&Prime; _module_preset=\u00a0\u00bbdefault\u00a0\u00bb global_colors_info=\u00a0\u00bb{}\u00a0\u00bb][\/et_pb_image][\/et_pb_column][\/et_pb_row][\/et_pb_section]<\/p>\n","protected":false},"excerpt":{"rendered":"","protected":false},"featured_media":10536,"template":"","meta":{"_acf_changed":false,"_et_pb_use_builder":"on","_et_pb_old_content":"Driver Cobra LTD x\r\n\r\nLoft : 9.0 r\u00e9glable\r\n\r\nShaft : Graphite Mitsubishi Chemical Tensei AV Series Raw 65 Extra Stiff (X-Stiff)\r\n\r\nPossibilit\u00e9 de mettre le m\u00eame shaft en Stiff \u00e0 la place du X-Stiff\r\n\r\nGrip : Golf Pride Tour Velvet","_et_gb_content_width":""},"product_brand":[],"product_cat":[88,43,54,49,23,51,79,69,65,76,31,86,75,83,84],"product_tag":[],"class_list":{"0":"post-10519","1":"product","2":"type-product","3":"status-publish","4":"has-post-thumbnail","6":"product_cat-prix-100-200","7":"product_cat-clubs","8":"product_cat-marque-cobra","9":"product_cat-dexterite","10":"product_cat-clubs-drivers","11":"product_cat-dexterite-droitier","12":"product_cat-flex","13":"product_cat-grade-7","14":"product_cat-grade","15":"product_cat-shaft-graphite","16":"product_cat-marque","17":"product_cat-prix","18":"product_cat-shaft","19":"product_cat-flex-stiff","20":"product_cat-flex-x-stiff","21":"pa_att-clubs-att-clubs-driver","22":"pa_att-dexterite-att-droitier","23":"pa_att-prix-att-prix-100-200","24":"pa_etat-de-la-tete-at-grade-7","25":"pa_marque-at-cobra","26":"pa_rigidite-att-extra-stiff","27":"pa_rigidite-att-stiff","28":"pa_shaft-at-graphite","30":"first","31":"instock","32":"taxable","33":"shipping-taxable","34":"purchasable","35":"product-type-simple"},"acf":[],"_links":{"self":[{"href":"https:\/\/lmn-golfing.com\/en\/wp-json\/wp\/v2\/product\/10519","targetHints":{"allow":["GET"]}}],"collection":[{"href":"https:\/\/lmn-golfing.com\/en\/wp-json\/wp\/v2\/product"}],"about":[{"href":"https:\/\/lmn-golfing.com\/en\/wp-json\/wp\/v2\/types\/product"}],"wp:featuredmedia":[{"embeddable":true,"href":"https:\/\/lmn-golfing.com\/en\/wp-json\/wp\/v2\/media\/10536"}],"wp:attachment":[{"href":"https:\/\/lmn-golfing.com\/en\/wp-json\/wp\/v2\/media?parent=10519"}],"wp:term":[{"taxonomy":"product_brand","embeddable":true,"href":"https:\/\/lmn-golfing.com\/en\/wp-json\/wp\/v2\/product_brand?post=10519"},{"taxonomy":"product_cat","embeddable":true,"href":"https:\/\/lmn-golfing.com\/en\/wp-json\/wp\/v2\/product_cat?post=10519"},{"taxonomy":"product_tag","embeddable":true,"href":"https:\/\/lmn-golfing.com\/en\/wp-json\/wp\/v2\/product_tag?post=10519"}],"curies":[{"name":"wp","href":"https:\/\/api.w.org\/{rel}","templated":true}]}}